{"id":6468,"date":"2023-02-10T14:52:01","date_gmt":"2023-02-10T13:52:01","guid":{"rendered":"https:\/\/www.ogbl.lu\/?page_id=6468"},"modified":"2026-03-25T09:31:06","modified_gmt":"2026-03-25T08:31:06","slug":"frontalieres-et-frontaliers-allemands","status":"publish","type":"page","link":"https:\/\/www.ogbl.lu\/de\/frontaliers\/frontalieres-et-frontaliers-allemands\/","title":{"rendered":"Deutsche Grenzg\u00e4ngerinnen und Grenzg\u00e4nger"},"content":{"rendered":"","protected":false},"excerpt":{"rendered":"","protected":false},"author":4,"featured_media":6744,"parent":5697,"menu_order":0,"comment_status":"closed","ping_status":"closed","template":"front-page.php","meta":{"inline_featured_image":false,"footnotes":""},"acf":[],"yoast_head":"<!-- This site is optimized with the Yoast SEO plugin v23.1 - https:\/\/yoast.com\/wordpress\/plugins\/seo\/ -->\r\n<title>Deutsche Grenzg\u00e4ngerinnen und Grenzg\u00e4nger - OGBL<\/title>\r\n<meta name=\"robots\" content=\"index, follow, max-snippet:-1, max-image-preview:large, max-video-preview:-1\" \/>\r\n<link rel=\"canonical\" href=\"https:\/\/www.ogbl.lu\/frontaliers\/frontalieres-et-frontaliers-allemands\/\" \/>\r\n<meta property=\"og:locale\" content=\"de_DE\" \/>\r\n<meta property=\"og:type\" content=\"article\" \/>\r\n<meta property=\"og:title\" content=\"[:fr]Frontali\u00e8res et frontaliers allemands[:de]Deutsche Grenzg\u00e4ngerinnen und Grenzg\u00e4nger[:en]German cross-border workers[:] - OGBL\" \/>\r\n<meta property=\"og:url\" content=\"https:\/\/www.ogbl.lu\/frontaliers\/frontalieres-et-frontaliers-allemands\/\" \/>\r\n<meta property=\"og:site_name\" content=\"OGBL\" \/>\r\n<meta property=\"article:modified_time\" content=\"2026-03-25T08:31:06+00:00\" \/>\r\n<meta property=\"og:image\" content=\"https:\/\/www.ogbl.lu\/wp-content\/uploads\/2023\/02\/allemands.jpg\" \/>\r\n\t<meta property=\"og:image:width\" content=\"1386\" \/>\r\n\t<meta property=\"og:image:height\" content=\"744\" \/>\r\n\t<meta property=\"og:image:type\" content=\"image\/jpeg\" \/>\r\n<meta name=\"twitter:card\" content=\"summary_large_image\" \/>\r\n<meta name=\"twitter:label1\" content=\"Est. reading time\" \/>\n\t<meta name=\"twitter:data1\" content=\"1 Minute\" \/>\r\n<script type=\"application\/ld+json\" class=\"yoast-schema-graph\">{\"@context\":\"https:\/\/schema.org\",\"@graph\":[{\"@type\":\"WebPage\",\"@id\":\"https:\/\/www.ogbl.lu\/frontaliers\/frontalieres-et-frontaliers-allemands\/\",\"url\":\"https:\/\/www.ogbl.lu\/frontaliers\/frontalieres-et-frontaliers-allemands\/\",\"name\":\"[:fr]Frontali\u00e8res et frontaliers allemands[:de]Deutsche Grenzg\u00e4ngerinnen und Grenzg\u00e4nger[:en]German cross-border workers[:] - OGBL\",\"isPartOf\":{\"@id\":\"https:\/\/www.ogbl.lu\/de\/#website\"},\"primaryImageOfPage\":{\"@id\":\"https:\/\/www.ogbl.lu\/frontaliers\/frontalieres-et-frontaliers-allemands\/#primaryimage\"},\"image\":{\"@id\":\"https:\/\/www.ogbl.lu\/frontaliers\/frontalieres-et-frontaliers-allemands\/#primaryimage\"},\"thumbnailUrl\":\"https:\/\/www.ogbl.lu\/wp-content\/uploads\/2023\/02\/allemands.jpg\",\"datePublished\":\"2023-02-10T13:52:01+00:00\",\"dateModified\":\"2026-03-25T08:31:06+00:00\",\"breadcrumb\":{\"@id\":\"https:\/\/www.ogbl.lu\/frontaliers\/frontalieres-et-frontaliers-allemands\/#breadcrumb\"},\"inLanguage\":\"de-DE\",\"potentialAction\":[{\"@type\":\"ReadAction\",\"target\":[\"https:\/\/www.ogbl.lu\/frontaliers\/frontalieres-et-frontaliers-allemands\/\"]}]},{\"@type\":\"ImageObject\",\"inLanguage\":\"de-DE\",\"@id\":\"https:\/\/www.ogbl.lu\/frontaliers\/frontalieres-et-frontaliers-allemands\/#primaryimage\",\"url\":\"https:\/\/www.ogbl.lu\/wp-content\/uploads\/2023\/02\/allemands.jpg\",\"contentUrl\":\"https:\/\/www.ogbl.lu\/wp-content\/uploads\/2023\/02\/allemands.jpg\",\"width\":1386,\"height\":744},{\"@type\":\"BreadcrumbList\",\"@id\":\"https:\/\/www.ogbl.lu\/frontaliers\/frontalieres-et-frontaliers-allemands\/#breadcrumb\",\"itemListElement\":[{\"@type\":\"ListItem\",\"position\":1,\"name\":\"Home\",\"item\":\"https:\/\/www.ogbl.lu\/\"},{\"@type\":\"ListItem\",\"position\":2,\"name\":\"Frontali\u00e8res et frontaliers\",\"item\":\"https:\/\/www.ogbl.lu\/frontaliers\/\"},{\"@type\":\"ListItem\",\"position\":3,\"name\":\"Frontali\u00e8res et frontaliers allemands\"}]},{\"@type\":\"WebSite\",\"@id\":\"https:\/\/www.ogbl.lu\/de\/#website\",\"url\":\"https:\/\/www.ogbl.lu\/de\/\",\"name\":\"OGBL\",\"description\":\"DIE GEWERKSCHAFT\",\"publisher\":{\"@id\":\"https:\/\/www.ogbl.lu\/de\/#organization\"},\"potentialAction\":[{\"@type\":\"SearchAction\",\"target\":{\"@type\":\"EntryPoint\",\"urlTemplate\":\"https:\/\/www.ogbl.lu\/de\/?s={search_term_string}\"},\"query-input\":\"required name=search_term_string\"}],\"inLanguage\":\"de-DE\"},{\"@type\":\"Organization\",\"@id\":\"https:\/\/www.ogbl.lu\/de\/#organization\",\"name\":\"OGBL\",\"url\":\"https:\/\/www.ogbl.lu\/de\/\",\"logo\":{\"@type\":\"ImageObject\",\"inLanguage\":\"de-DE\",\"@id\":\"https:\/\/www.ogbl.lu\/de\/#\/schema\/logo\/image\/\",\"url\":\"https:\/\/www.ogbl.lu\/wp-content\/uploads\/2024\/07\/LOGO_Red_FR-svg.png\",\"contentUrl\":\"https:\/\/www.ogbl.lu\/wp-content\/uploads\/2024\/07\/LOGO_Red_FR-svg.png\",\"width\":369,\"height\":171,\"caption\":\"OGBL\"},\"image\":{\"@id\":\"https:\/\/www.ogbl.lu\/de\/#\/schema\/logo\/image\/\"}}]}<\/script>\r\n<!-- \/ Yoast SEO plugin. -->","yoast_head_json":{"title":"[:fr]Frontali\u00e8res et frontaliers allemands[:de]Deutsche Grenzg\u00e4ngerinnen und Grenzg\u00e4nger[:en]German cross-border workers[:] - OGBL","robots":{"index":"index","follow":"follow","max-snippet":"max-snippet:-1","max-image-preview":"max-image-preview:large","max-video-preview":"max-video-preview:-1"},"canonical":"https:\/\/www.ogbl.lu\/frontaliers\/frontalieres-et-frontaliers-allemands\/","og_locale":"de_DE","og_type":"article","og_title":"[:fr]Frontali\u00e8res et frontaliers allemands[:de]Deutsche Grenzg\u00e4ngerinnen und Grenzg\u00e4nger[:en]German cross-border workers[:] - OGBL","og_url":"https:\/\/www.ogbl.lu\/frontaliers\/frontalieres-et-frontaliers-allemands\/","og_site_name":"OGBL","article_modified_time":"2026-03-25T08:31:06+00:00","og_image":[{"width":1386,"height":744,"url":"https:\/\/www.ogbl.lu\/wp-content\/uploads\/2023\/02\/allemands.jpg","type":"image\/jpeg"}],"twitter_card":"summary_large_image","twitter_misc":{"Est. reading time":"1 Minute"},"schema":{"@context":"https:\/\/schema.org","@graph":[{"@type":"WebPage","@id":"https:\/\/www.ogbl.lu\/frontaliers\/frontalieres-et-frontaliers-allemands\/","url":"https:\/\/www.ogbl.lu\/frontaliers\/frontalieres-et-frontaliers-allemands\/","name":"[:fr]Frontali\u00e8res et frontaliers allemands[:de]Deutsche Grenzg\u00e4ngerinnen und Grenzg\u00e4nger[:en]German cross-border workers[:] - OGBL","isPartOf":{"@id":"https:\/\/www.ogbl.lu\/de\/#website"},"primaryImageOfPage":{"@id":"https:\/\/www.ogbl.lu\/frontaliers\/frontalieres-et-frontaliers-allemands\/#primaryimage"},"image":{"@id":"https:\/\/www.ogbl.lu\/frontaliers\/frontalieres-et-frontaliers-allemands\/#primaryimage"},"thumbnailUrl":"https:\/\/www.ogbl.lu\/wp-content\/uploads\/2023\/02\/allemands.jpg","datePublished":"2023-02-10T13:52:01+00:00","dateModified":"2026-03-25T08:31:06+00:00","breadcrumb":{"@id":"https:\/\/www.ogbl.lu\/frontaliers\/frontalieres-et-frontaliers-allemands\/#breadcrumb"},"inLanguage":"de-DE","potentialAction":[{"@type":"ReadAction","target":["https:\/\/www.ogbl.lu\/frontaliers\/frontalieres-et-frontaliers-allemands\/"]}]},{"@type":"ImageObject","inLanguage":"de-DE","@id":"https:\/\/www.ogbl.lu\/frontaliers\/frontalieres-et-frontaliers-allemands\/#primaryimage","url":"https:\/\/www.ogbl.lu\/wp-content\/uploads\/2023\/02\/allemands.jpg","contentUrl":"https:\/\/www.ogbl.lu\/wp-content\/uploads\/2023\/02\/allemands.jpg","width":1386,"height":744},{"@type":"BreadcrumbList","@id":"https:\/\/www.ogbl.lu\/frontaliers\/frontalieres-et-frontaliers-allemands\/#breadcrumb","itemListElement":[{"@type":"ListItem","position":1,"name":"Home","item":"https:\/\/www.ogbl.lu\/"},{"@type":"ListItem","position":2,"name":"Frontali\u00e8res et frontaliers","item":"https:\/\/www.ogbl.lu\/frontaliers\/"},{"@type":"ListItem","position":3,"name":"Frontali\u00e8res et frontaliers allemands"}]},{"@type":"WebSite","@id":"https:\/\/www.ogbl.lu\/de\/#website","url":"https:\/\/www.ogbl.lu\/de\/","name":"OGBL","description":"DIE GEWERKSCHAFT","publisher":{"@id":"https:\/\/www.ogbl.lu\/de\/#organization"},"potentialAction":[{"@type":"SearchAction","target":{"@type":"EntryPoint","urlTemplate":"https:\/\/www.ogbl.lu\/de\/?s={search_term_string}"},"query-input":"required name=search_term_string"}],"inLanguage":"de-DE"},{"@type":"Organization","@id":"https:\/\/www.ogbl.lu\/de\/#organization","name":"OGBL","url":"https:\/\/www.ogbl.lu\/de\/","logo":{"@type":"ImageObject","inLanguage":"de-DE","@id":"https:\/\/www.ogbl.lu\/de\/#\/schema\/logo\/image\/","url":"https:\/\/www.ogbl.lu\/wp-content\/uploads\/2024\/07\/LOGO_Red_FR-svg.png","contentUrl":"https:\/\/www.ogbl.lu\/wp-content\/uploads\/2024\/07\/LOGO_Red_FR-svg.png","width":369,"height":171,"caption":"OGBL"},"image":{"@id":"https:\/\/www.ogbl.lu\/de\/#\/schema\/logo\/image\/"}}]}},"_links":{"self":[{"href":"https:\/\/www.ogbl.lu\/de\/wp-json\/wp\/v2\/pages\/6468"}],"collection":[{"href":"https:\/\/www.ogbl.lu\/de\/wp-json\/wp\/v2\/pages"}],"about":[{"href":"https:\/\/www.ogbl.lu\/de\/wp-json\/wp\/v2\/types\/page"}],"author":[{"embeddable":true,"href":"https:\/\/www.ogbl.lu\/de\/wp-json\/wp\/v2\/users\/4"}],"replies":[{"embeddable":true,"href":"https:\/\/www.ogbl.lu\/de\/wp-json\/wp\/v2\/comments?post=6468"}],"version-history":[{"count":10,"href":"https:\/\/www.ogbl.lu\/de\/wp-json\/wp\/v2\/pages\/6468\/revisions"}],"predecessor-version":[{"id":97151,"href":"https:\/\/www.ogbl.lu\/de\/wp-json\/wp\/v2\/pages\/6468\/revisions\/97151"}],"up":[{"embeddable":true,"href":"https:\/\/www.ogbl.lu\/de\/wp-json\/wp\/v2\/pages\/5697"}],"wp:featuredmedia":[{"embeddable":true,"href":"https:\/\/www.ogbl.lu\/de\/wp-json\/wp\/v2\/media\/6744"}],"wp:attachment":[{"href":"https:\/\/www.ogbl.lu\/de\/wp-json\/wp\/v2\/media?parent=6468"}],"curies":[{"name":"wp","href":"https:\/\/api.w.org\/{rel}","templated":true}]}}